{"id":121913,"date":"2013-11-11T16:41:05","date_gmt":"2013-11-11T15:41:05","guid":{"rendered":"http:\/\/www.jan-gehrke.de\/?page_id=121913"},"modified":"2014-03-26T09:29:04","modified_gmt":"2014-03-26T08:29:04","slug":"editorial","status":"publish","type":"page","link":"https:\/\/www.jan-gehrke.de\/de\/portfolio\/editorial\/","title":{"rendered":"Editorial"},"content":{"rendered":"<div class=\"flex_column av_one_full  flex_column_div first  avia-builder-el-0  el_before_av_one_fourth  avia-builder-el-first  \" ><div class=\"av-portfolio-grid-sorting-container\"><div class='sort_width_container  av-sort-yes' data-portfolio-id='1' ><div id='js_sort_items' ><div class='sort_by_cat hidden '><a href=\"#\" data-filter=\"all_sort\" class=\"all_sort_button active_sort\"><span class=\"inner_sort_button\"><span>Alle<\/span><small class=\"av-cat-count\"> 5 <\/small><\/span><\/a><span class='text-sep editorial-de_sort_sep'>\/<\/span><a href=\"#\" data-filter=\"editorial-de_sort\" class=\"editorial-de_sort_button\" ><span class=\"inner_sort_button\"><span>Editorial<\/span><small class='av-cat-count'> 5 <\/small><\/span><\/a><\/div><\/div><\/div><div class=' grid-sort-container isotope   no_margin-container with-excerpt-container grid-total-odd grid-col-4 grid-links-' data-portfolio-id='1'><div data-ajax-id='152262' class=' grid-entry flex_column isotope-item all_sort no_margin post-entry post-entry-152262 grid-entry-overview grid-loop-1 grid-parity-odd  editorial-de_sort  av_one_fourth first default_av_fullwidth '><article class='main_color inner-entry'  itemscope=\"itemscope\" itemtype=\"https:\/\/schema.org\/CreativeWork\" ><a href='https:\/\/www.jan-gehrke.de\/de\/portfolio-item\/das-suesse-leben\/' title='La dolce vita'  data-rel='grid-1' class='grid-image avia-hover-fx'><img decoding=\"async\" width=\"260\" height=\"185\" src=\"https:\/\/www.jan-gehrke.de\/wp-content\/uploads\/2014\/05\/Dolce-Vita-6-260x185.jpg\" class=\"attachment-portfolio_small size-portfolio_small wp-post-image\" alt=\"\" \/><\/a><div class='grid-content'><div class='avia-arrow'><\/div><header class=\"entry-content-header\"><h3 class='grid-entry-title entry-title '  itemprop=\"headline\" ><a href='https:\/\/www.jan-gehrke.de\/de\/portfolio-item\/das-suesse-leben\/' title='La dolce vita'>La dolce vita<\/a><\/h3><\/header><\/div><footer class=\"entry-footer\"><\/footer><\/article><\/div><div data-ajax-id='150830' class=' grid-entry flex_column isotope-item all_sort no_margin post-entry post-entry-150830 grid-entry-overview grid-loop-2 grid-parity-even  editorial-de_sort  av_one_fourth  default_av_fullwidth '><article class='main_color inner-entry'  itemscope=\"itemscope\" itemtype=\"https:\/\/schema.org\/CreativeWork\" ><a href='https:\/\/www.jan-gehrke.de\/de\/portfolio-item\/wilde-nashoerner\/' title='Wilde Nash\u00f6rner'  data-rel='grid-1' class='grid-image avia-hover-fx'><img decoding=\"async\" width=\"1\" height=\"1\" src=\"https:\/\/www.jan-gehrke.de\/wp-content\/uploads\/2013\/12\/rhino-2013-17.jpg\" class=\"attachment-portfolio_small size-portfolio_small wp-post-image\" alt=\"\" \/><\/a><div class='grid-content'><div class='avia-arrow'><\/div><header class=\"entry-content-header\"><h3 class='grid-entry-title entry-title '  itemprop=\"headline\" ><a href='https:\/\/www.jan-gehrke.de\/de\/portfolio-item\/wilde-nashoerner\/' title='Wilde Nash\u00f6rner'>Wilde Nash\u00f6rner<\/a><\/h3><\/header><\/div><footer class=\"entry-footer\"><\/footer><\/article><\/div><div data-ajax-id='150832' class=' grid-entry flex_column isotope-item all_sort no_margin post-entry post-entry-150832 grid-entry-overview grid-loop-3 grid-parity-odd  editorial-de_sort  av_one_fourth  default_av_fullwidth '><article class='main_color inner-entry'  itemscope=\"itemscope\" itemtype=\"https:\/\/schema.org\/CreativeWork\" ><a href='https:\/\/www.jan-gehrke.de\/de\/portfolio-item\/john-montagu\/' title='John Montagu'  data-rel='grid-1' class='grid-image avia-hover-fx'><img decoding=\"async\" width=\"260\" height=\"185\" src=\"https:\/\/www.jan-gehrke.de\/wp-content\/uploads\/john-montagu-2-260x185.jpg\" class=\"attachment-portfolio_small size-portfolio_small wp-post-image\" alt=\"\" \/><\/a><div class='grid-content'><div class='avia-arrow'><\/div><header class=\"entry-content-header\"><h3 class='grid-entry-title entry-title '  itemprop=\"headline\" ><a href='https:\/\/www.jan-gehrke.de\/de\/portfolio-item\/john-montagu\/' title='John Montagu'>John Montagu<\/a><\/h3><\/header><\/div><footer class=\"entry-footer\"><\/footer><\/article><\/div><div data-ajax-id='150836' class=' grid-entry flex_column isotope-item all_sort no_margin post-entry post-entry-150836 grid-entry-overview grid-loop-4 grid-parity-even  editorial_sort editorial-de_sort  av_one_fourth  default_av_fullwidth '><article class='main_color inner-entry'  itemscope=\"itemscope\" itemtype=\"https:\/\/schema.org\/CreativeWork\" ><a href='https:\/\/www.jan-gehrke.de\/de\/portfolio-item\/federation-equestre-internationale-de\/' title='F\u00e9d\u00e9ration Equestre Internationale'  data-rel='grid-1' class='grid-image avia-hover-fx'><img loading=\"lazy\" decoding=\"async\" width=\"1\" height=\"1\" src=\"https:\/\/www.jan-gehrke.de\/wp-content\/uploads\/2013\/11\/mg_0415-1.jpg\" class=\"attachment-portfolio_small size-portfolio_small wp-post-image\" alt=\"\" \/><\/a><div class='grid-content'><div class='avia-arrow'><\/div><header class=\"entry-content-header\"><h3 class='grid-entry-title entry-title '  itemprop=\"headline\" ><a href='https:\/\/www.jan-gehrke.de\/de\/portfolio-item\/federation-equestre-internationale-de\/' title='F\u00e9d\u00e9ration Equestre Internationale'>F\u00e9d\u00e9ration Equestre Internationale<\/a><\/h3><\/header><\/div><footer class=\"entry-footer\"><\/footer><\/article><\/div><div data-ajax-id='150839' class=' grid-entry flex_column isotope-item all_sort no_margin post-entry post-entry-150839 grid-entry-overview grid-loop-5 grid-parity-odd  post-entry-last  editorial-de_sort  av_one_fourth first default_av_fullwidth '><article class='main_color inner-entry'  itemscope=\"itemscope\" itemtype=\"https:\/\/schema.org\/CreativeWork\" ><a href='https:\/\/www.jan-gehrke.de\/de\/portfolio-item\/in-flammen\/' title='In Flammen'  data-rel='grid-1' class='grid-image avia-hover-fx'><img loading=\"lazy\" decoding=\"async\" width=\"1\" height=\"1\" src=\"https:\/\/www.jan-gehrke.de\/wp-content\/uploads\/2013\/11\/jule-2.jpg\" class=\"attachment-portfolio_small size-portfolio_small wp-post-image\" alt=\"\" \/><\/a><div class='grid-content'><div class='avia-arrow'><\/div><header class=\"entry-content-header\"><h3 class='grid-entry-title entry-title '  itemprop=\"headline\" ><a href='https:\/\/www.jan-gehrke.de\/de\/portfolio-item\/in-flammen\/' title='In Flammen'>In Flammen<\/a><\/h3><\/header><\/div><footer class=\"entry-footer\"><\/footer><\/article><\/div><\/div><\/div>   <!--   class=\"av-portfolio-grid-sorting-container\"  --><\/div><div class=\"flex_column av_one_fourth  flex_column_div first  avia-builder-el-2  el_after_av_one_full  avia-builder-el-last  column-top-margin\" ><div class='avia-button-wrap avia-button-left  avia-builder-el-3  avia-builder-el-no-sibling '><a href='https:\/\/www.jan-gehrke.de\/portfolio\/'  class='avia-button   avia-icon_select-yes-left-icon avia-color-theme-color avia-size-small avia-position-left '   ><span class='avia_button_icon avia_button_icon_left ' aria-hidden='true' data-av_icon='\ue830' data-av_iconfont='entypo-fontello'><\/span><span class='avia_iconbox_title' >Portfolio \u00dcbersicht<\/span><\/a><\/div><\/div><\/p>\n","protected":false},"excerpt":{"rendered":"","protected":false},"author":1,"featured_media":0,"parent":150360,"menu_order":0,"comment_status":"closed","ping_status":"closed","template":"","meta":{"footnotes":""},"class_list":["post-121913","page","type-page","status-publish","hentry"],"yoast_head":"<!-- This site is optimized with the Yoast SEO plugin v27.2 - https:\/\/yoast.com\/product\/yoast-seo-wordpress\/ -->\n<title>Editorial - Jan Gehrke Fotografie Hamburg<\/title>\n<meta name=\"robots\" content=\"index, follow, max-snippet:-1, max-image-preview:large, max-video-preview:-1\" \/>\n<link rel=\"canonical\" href=\"https:\/\/www.jan-gehrke.de\/de\/portfolio\/editorial\/\" \/>\n<meta property=\"og:locale\" content=\"de_DE\" \/>\n<meta property=\"og:type\" content=\"article\" \/>\n<meta property=\"og:title\" content=\"Editorial - Jan Gehrke Fotografie Hamburg\" \/>\n<meta property=\"og:url\" content=\"https:\/\/www.jan-gehrke.de\/de\/portfolio\/editorial\/\" \/>\n<meta property=\"og:site_name\" content=\"Jan Gehrke Fotografie Hamburg\" \/>\n<meta property=\"article:publisher\" content=\"http:\/\/facebook.com\/JanGehrkePhotography\" \/>\n<meta property=\"article:modified_time\" content=\"2014-03-26T08:29:04+00:00\" \/>\n<meta name=\"twitter:card\" content=\"summary_large_image\" \/>\n<meta name=\"twitter:site\" content=\"@internet_mafia\" \/>\n<script type=\"application\/ld+json\" class=\"yoast-schema-graph\">{\"@context\":\"https:\/\/schema.org\",\"@graph\":[{\"@type\":\"WebPage\",\"@id\":\"https:\/\/www.jan-gehrke.de\/de\/portfolio\/editorial\/\",\"url\":\"https:\/\/www.jan-gehrke.de\/de\/portfolio\/editorial\/\",\"name\":\"Editorial - Jan Gehrke Fotografie Hamburg\",\"isPartOf\":{\"@id\":\"https:\/\/www.jan-gehrke.de\/de\/#website\"},\"datePublished\":\"2013-11-11T15:41:05+00:00\",\"dateModified\":\"2014-03-26T08:29:04+00:00\",\"breadcrumb\":{\"@id\":\"https:\/\/www.jan-gehrke.de\/de\/portfolio\/editorial\/#breadcrumb\"},\"inLanguage\":\"de\",\"potentialAction\":[{\"@type\":\"ReadAction\",\"target\":[\"https:\/\/www.jan-gehrke.de\/de\/portfolio\/editorial\/\"]}]},{\"@type\":\"BreadcrumbList\",\"@id\":\"https:\/\/www.jan-gehrke.de\/de\/portfolio\/editorial\/#breadcrumb\",\"itemListElement\":[{\"@type\":\"ListItem\",\"position\":1,\"name\":\"Home\",\"item\":\"https:\/\/www.jan-gehrke.de\/de\/\"},{\"@type\":\"ListItem\",\"position\":2,\"name\":\"Portfolio\",\"item\":\"https:\/\/www.jan-gehrke.de\/de\/portfolio\/\"},{\"@type\":\"ListItem\",\"position\":3,\"name\":\"Editorial\"}]},{\"@type\":\"WebSite\",\"@id\":\"https:\/\/www.jan-gehrke.de\/de\/#website\",\"url\":\"https:\/\/www.jan-gehrke.de\/de\/\",\"name\":\"Jan Gehrke Fotografie Hamburg\",\"description\":\"Freier Fotograf in Hamburg\",\"potentialAction\":[{\"@type\":\"SearchAction\",\"target\":{\"@type\":\"EntryPoint\",\"urlTemplate\":\"https:\/\/www.jan-gehrke.de\/de\/?s={search_term_string}\"},\"query-input\":{\"@type\":\"PropertyValueSpecification\",\"valueRequired\":true,\"valueName\":\"search_term_string\"}}],\"inLanguage\":\"de\"}]}<\/script>\n<!-- \/ Yoast SEO plugin. -->","yoast_head_json":{"title":"Editorial - Jan Gehrke Fotografie Hamburg","robots":{"index":"index","follow":"follow","max-snippet":"max-snippet:-1","max-image-preview":"max-image-preview:large","max-video-preview":"max-video-preview:-1"},"canonical":"https:\/\/www.jan-gehrke.de\/de\/portfolio\/editorial\/","og_locale":"de_DE","og_type":"article","og_title":"Editorial - Jan Gehrke Fotografie Hamburg","og_url":"https:\/\/www.jan-gehrke.de\/de\/portfolio\/editorial\/","og_site_name":"Jan Gehrke Fotografie Hamburg","article_publisher":"http:\/\/facebook.com\/JanGehrkePhotography","article_modified_time":"2014-03-26T08:29:04+00:00","twitter_card":"summary_large_image","twitter_site":"@internet_mafia","schema":{"@context":"https:\/\/schema.org","@graph":[{"@type":"WebPage","@id":"https:\/\/www.jan-gehrke.de\/de\/portfolio\/editorial\/","url":"https:\/\/www.jan-gehrke.de\/de\/portfolio\/editorial\/","name":"Editorial - Jan Gehrke Fotografie Hamburg","isPartOf":{"@id":"https:\/\/www.jan-gehrke.de\/de\/#website"},"datePublished":"2013-11-11T15:41:05+00:00","dateModified":"2014-03-26T08:29:04+00:00","breadcrumb":{"@id":"https:\/\/www.jan-gehrke.de\/de\/portfolio\/editorial\/#breadcrumb"},"inLanguage":"de","potentialAction":[{"@type":"ReadAction","target":["https:\/\/www.jan-gehrke.de\/de\/portfolio\/editorial\/"]}]},{"@type":"BreadcrumbList","@id":"https:\/\/www.jan-gehrke.de\/de\/portfolio\/editorial\/#breadcrumb","itemListElement":[{"@type":"ListItem","position":1,"name":"Home","item":"https:\/\/www.jan-gehrke.de\/de\/"},{"@type":"ListItem","position":2,"name":"Portfolio","item":"https:\/\/www.jan-gehrke.de\/de\/portfolio\/"},{"@type":"ListItem","position":3,"name":"Editorial"}]},{"@type":"WebSite","@id":"https:\/\/www.jan-gehrke.de\/de\/#website","url":"https:\/\/www.jan-gehrke.de\/de\/","name":"Jan Gehrke Fotografie Hamburg","description":"Freier Fotograf in Hamburg","potentialAction":[{"@type":"SearchAction","target":{"@type":"EntryPoint","urlTemplate":"https:\/\/www.jan-gehrke.de\/de\/?s={search_term_string}"},"query-input":{"@type":"PropertyValueSpecification","valueRequired":true,"valueName":"search_term_string"}}],"inLanguage":"de"}]}},"jetpack_sharing_enabled":true,"_links":{"self":[{"href":"https:\/\/www.jan-gehrke.de\/de\/wp-json\/wp\/v2\/pages\/121913","targetHints":{"allow":["GET"]}}],"collection":[{"href":"https:\/\/www.jan-gehrke.de\/de\/wp-json\/wp\/v2\/pages"}],"about":[{"href":"https:\/\/www.jan-gehrke.de\/de\/wp-json\/wp\/v2\/types\/page"}],"author":[{"embeddable":true,"href":"https:\/\/www.jan-gehrke.de\/de\/wp-json\/wp\/v2\/users\/1"}],"replies":[{"embeddable":true,"href":"https:\/\/www.jan-gehrke.de\/de\/wp-json\/wp\/v2\/comments?post=121913"}],"version-history":[{"count":2,"href":"https:\/\/www.jan-gehrke.de\/de\/wp-json\/wp\/v2\/pages\/121913\/revisions"}],"predecessor-version":[{"id":150814,"href":"https:\/\/www.jan-gehrke.de\/de\/wp-json\/wp\/v2\/pages\/121913\/revisions\/150814"}],"up":[{"embeddable":true,"href":"https:\/\/www.jan-gehrke.de\/de\/wp-json\/wp\/v2\/pages\/150360"}],"wp:attachment":[{"href":"https:\/\/www.jan-gehrke.de\/de\/wp-json\/wp\/v2\/media?parent=121913"}],"curies":[{"name":"wp","href":"https:\/\/api.w.org\/{rel}","templated":true}]}}